{"id":2068,"date":"2025-02-13T08:51:19","date_gmt":"2025-02-13T08:51:19","guid":{"rendered":"https:\/\/garderos.com\/branchen\/utility-companies\/"},"modified":"2026-04-16T14:46:57","modified_gmt":"2026-04-16T14:46:57","slug":"utility-companies","status":"publish","type":"page","link":"https:\/\/garderos.com\/en\/industries\/utility-companies\/","title":{"rendered":"Utility companies"},"content":{"rendered":"\n<section\n        class=\"intro-section intro-circle-center\"  style=\"background-image: url('https:\/\/garderos.com\/wp-content\/uploads\/2025\/02\/img-43.jpg');\">\n            <div class=\"container\">\n            <div class=\"intro-circle\">\n                <div class=\"txt\">\n                    <h4 style=\"text-align: center;\">our sectors<\/h4>\n<h1 style=\"text-align: center;\">Utility<br \/>\ncompanies<\/h1>\n<h3 style=\"text-align: center;\">Ruggedised Communications<br \/>\nDESIGNED for extremes,<br \/>\ntrusted for a lifetime<\/h3>\n                    <a href=\"#Anker\" class=\"arrow-down\" target=\"_self\">    <\/a>                                    <\/div>\n            <\/div>\n        <\/div>\n            <\/section>\n\n<section class=\"img-txt-section type-1\" id=\"Anker\">\r\n                        <span class=\"img-box\">\r\n                    <img decoding=\"async\" src=\"https:\/\/garderos.com\/wp-content\/uploads\/2025\/02\/img-80.jpg\" alt=\"\" loading=\"lazy\">\r\n            <\/span>\r\n                <div class=\"txt-box\" >\r\n        <div class=\"wrap\">\r\n            <h3 style=\"font-weight: 400;\">Your benefits at a glance<\/h3>\n<p style=\"font-weight: 400;\">Garderos offers reliable, sustainable IP data connections for decentralised systems.<\/p>\n<ul>\n<li>Central software management and automated deployment<\/li>\n<li>ISO 27001 certified: \u201cSecurity by design\u201d<\/li>\n<li>Partner brokerage for managed services through Garderos<\/li>\n<li>Thousands of routers in use for LTE and LTE 450<\/li>\n<\/ul>\n        <\/div>\r\n    <\/div>\r\n<\/section>\n\n\n<section  class=\"txt-img-section type-2\">\n    <div class=\"txt-box\" style=\"background-image: url('https:\/\/garderos.com\/wp-content\/uploads\/2025\/02\/img-47.jpg');\">\n        <div class=\"wrap\">\n            <h3 style=\"font-weight: 400;\"><strong>Efficient and secure network infrastructure<\/strong><\/h3>\n<p style=\"font-weight: 400;\">Utility companies face challenges such as supply and system stability, staff shortages and increasing security requirements.<\/p>\n<p style=\"font-weight: 400;\">Digitisation and automation are essential here. Garderos provides durable routers, combined with central router management to enable efficient and secure digitalization of networks in accordance with KRITIS specifications.<\/p>\n        <\/div>\n    <\/div>\n                        <span class=\"img-box mobile-hidden\">\n\t\t\t\t\t<img decoding=\"async\" src=\"https:\/\/garderos.com\/wp-content\/uploads\/2025\/02\/img-48.jpg\" alt=\"\"\n                         loading=\"lazy\">\n\t\t\t\t<\/span>\n                <\/section>\n\n\n\n<section class=\"offers-section type-2\"\n        >\n\n    \n        <h2>Use cases<\/h2>\n\n        \n        <div class=\"offers-cards centered-cards\">\n            <div class=\"item\">\n    <div>\n        <div class=\"cont\">\n            <div class=\"front-box\">\n                                    <p class=\"h3\">Mobile Emergency Communication for Utilities<\/p>\n                                            <span class=\"link\">Mobile Emergency Communication for Utilities<\/span>\n                                                <\/div>\n\n            <div class=\"back-box\">\n                \n                <p>\n                    Reliable communication in a crisis \u2013 even without existing infrastructure.                <\/p>\n\n                <a href=\"https:\/\/garderos.com\/en\/use-cases\/mobile-emergency-communication-for-utilities\/\" class=\"link\" target=\"_blank\">Mobile Emergency Communication for Utilities<\/a>            <\/div>\n\n            <img decoding=\"async\" src=\"https:\/\/garderos.com\/wp-content\/uploads\/2026\/04\/Notfallkommunikation-Versorgungsunternehmen-scaled.jpg\" alt=\"Mobile Notfallkommunikation f\u00fcr Versorger (Symbolbild Button)\" class=\"bg-img\" loading=\"lazy\">        <\/div>\n    <\/div>\n<\/div>\n<div class=\"item\">\n    <div>\n        <div class=\"cont\">\n            <div class=\"front-box\">\n                                    <p class=\"h3\">Highly available communications infrastructure for the smart grid<\/p>\n                                            <span class=\"link\">Highly available communications infrastructure for the smart grid<\/span>\n                                                <\/div>\n\n            <div class=\"back-box\">\n                \n                <p>\n                    The router is the central component of the smart grid: it connects sensors, control systems and the control centre, enables automation and provides a secure communications infrastructure.                <\/p>\n\n                <a href=\"https:\/\/garderos.com\/en\/use-cases\/highly-available-communications-infrastructure-for-the-smart-grid\/\" class=\"link\" target=\"_self\">Highly available communications infrastructure for the smart grid<\/a>            <\/div>\n\n            <img decoding=\"async\" src=\"https:\/\/garderos.com\/wp-content\/uploads\/2026\/04\/Energieversorger-scaled.jpg\" alt=\"Symbolbild mit Windkraftr\u00e4dern | Hochverf\u00fcgbare Kommunikationsinfrastruktur f\u00fcr Smart Grids\" class=\"bg-img\" loading=\"lazy\">        <\/div>\n    <\/div>\n<\/div>\n        <\/div>\n\n                    <span class=\"bg-box\" style=\"background-image: url('https:\/\/garderos.com\/wp-content\/uploads\/2025\/02\/img-49.jpg');\"><\/span>\n            <span class=\"bg-box\" style=\"background-image: url('https:\/\/garderos.com\/wp-content\/uploads\/2025\/02\/img-50.jpg');\"><\/span>\n        \n        \n    \n<\/section>\n\n\n\r\n<section class=\"success-story-section type-2\" style=\"background-image: url('https:\/\/garderos.com\/wp-content\/uploads\/2025\/03\/garderos-plakat.jpg');\"\r\n         loading=\"lazy\" >\r\n    <div class=\"container\">\r\n        <div class=\"txt-box\">\r\n            <h2>Success<br \/>\nstory<\/h2>\n<p style=\"font-weight: 400;\">As part of the energy transition, a leading electricity supplier had to implement new requirements for grid connections, in particular the integration of smart meter gateways (SMGW). The communications infrastructure is based on broadband over powerlines and LTE, whereby the routers used must withstand extreme conditions, support IPv6 and offer the highest level of security.<\/p>\n<p style=\"font-weight: 400;\">Through specific adaptations and seamless integration into the existing infrastructure, we have created a reliable solution. Thanks to fast firmware updates and comprehensive support, we ensure long-term stability and security.<\/p>\n            <a href=\"https:\/\/garderos.com\/wp-content\/uploads\/2025\/03\/Case-Study-DSO-Power-20200828.pdf\" class=\"btn btn-white\" target=\"_blank\">Download<\/a>        <\/div>\r\n            <\/div>\r\n<\/section>\n\n<section class=\"clients-section\" >\r\n    <div class=\"container\">\r\n                    <div class=\"head-box\">\r\n               <h2 style=\"font-weight: 400;\"><strong>Our references<\/strong><\/h2>\n<p style=\"font-weight: 400;\">Several thousand routers are already in use worldwide, benefitting customers such as:<\/p>\n            <\/div>\r\n                        <div class=\"clients-slider\">\r\n                        <div class=\"item\">\r\n                <div class=\"wrap\">\r\n                    <img decoding=\"async\" src=\"https:\/\/garderos.com\/wp-content\/uploads\/2025\/03\/EWE_AG_logo-weiss.png\"\r\n                         alt=\"\" loading=\"lazy\"\/>\r\n                <\/div>\r\n            <\/div>\r\n                        <div class=\"item\">\r\n                <div class=\"wrap\">\r\n                    <img decoding=\"async\" src=\"https:\/\/garderos.com\/wp-content\/uploads\/2025\/03\/EnBW-weiss.png\"\r\n                         alt=\"\" loading=\"lazy\"\/>\r\n                <\/div>\r\n            <\/div>\r\n                        <div class=\"item\">\r\n                <div class=\"wrap\">\r\n                    <img decoding=\"async\" src=\"https:\/\/garderos.com\/wp-content\/uploads\/2025\/03\/Thyssengas-Logo-weiss.png\"\r\n                         alt=\"\" loading=\"lazy\"\/>\r\n                <\/div>\r\n            <\/div>\r\n                        <div class=\"item\">\r\n                <div class=\"wrap\">\r\n                    <img decoding=\"async\" src=\"https:\/\/garderos.com\/wp-content\/uploads\/2025\/03\/Vitronic_Logo-weiss.png\"\r\n                         alt=\"\" loading=\"lazy\"\/>\r\n                <\/div>\r\n            <\/div>\r\n                        <div class=\"item\">\r\n                <div class=\"wrap\">\r\n                    <img decoding=\"async\" src=\"https:\/\/garderos.com\/wp-content\/uploads\/2026\/03\/png_CH-EnBW-gross_Wort-Bild-Logo_weiss.png\"\r\n                         alt=\"Logo Charge Here\" loading=\"lazy\"\/>\r\n                <\/div>\r\n            <\/div>\r\n                        <div class=\"item\">\r\n                <div class=\"wrap\">\r\n                    <img decoding=\"async\" src=\"https:\/\/garderos.com\/wp-content\/uploads\/2026\/03\/NetzeBW_SD_Logo_Weiss_sRGB.png\"\r\n                         alt=\"\" loading=\"lazy\"\/>\r\n                <\/div>\r\n            <\/div>\r\n                        <div class=\"item\">\r\n                <div class=\"wrap\">\r\n                    <img decoding=\"async\" src=\"https:\/\/garderos.com\/wp-content\/uploads\/2026\/03\/EnBW_Logozusatz_ODR_Horizontal_Weiss_sRGB.svg\"\r\n                         alt=\"\" loading=\"lazy\"\/>\r\n                <\/div>\r\n            <\/div>\r\n                        <div class=\"item\">\r\n                <div class=\"wrap\">\r\n                    <img decoding=\"async\" src=\"https:\/\/garderos.com\/wp-content\/uploads\/2026\/04\/EDIS_Logo_Weiss.png\"\r\n                         alt=\"\" loading=\"lazy\"\/>\r\n                <\/div>\r\n            <\/div>\r\n                    <\/div>\r\n            <\/div>\r\n<\/section>\n\n\r\n\r\n    <section class=\"posts-section bg-light\">\r\n        <div class=\"container\">\r\n            <div class=\"head-box\">\r\n                <h2>News &amp; know-how<\/h2>\n                <div class=\"slider-nav\"><\/div>\r\n            <\/div>\r\n            <div class=\"posts-slider\">\r\n                                    <div class=\"item\">\r\n                                                <div class=\"wrap\" style=\"background-image: url('https:\/\/garderos.com\/wp-content\/uploads\/2026\/05\/News-Beitrag-Stefan-neuer-MA.png');\">\r\n                            <div class=\"txt-box\">\r\n                                <p>Smart Grid Sales: Stefan Huber joins as Senior Account Manager fo&#8230;<\/p>\r\n                                <a href=\"https:\/\/garderos.com\/en\/smart-grid-sales-in-dach-stefan-huber-joins-garderos-as-senior-account-manager\/\" class=\"link\">To the article<\/a>\r\n                            <\/div>\r\n                        <\/div>\r\n                    <\/div>\r\n                                    <div class=\"item\">\r\n                                                <div class=\"wrap\" style=\"background-image: url('https:\/\/garderos.com\/wp-content\/uploads\/2026\/03\/News-Beitrag-Podcast-SGT26.png');\">\r\n                            <div class=\"txt-box\">\r\n                                <p>Podcast: Simplifying Smart Grid Operations | Garderos at SGT26<\/p>\r\n                                <a href=\"https:\/\/garderos.com\/en\/smart-grid-podcast-zero-touch-provisioning-and-virtual-rtu-for-utilities\/\" class=\"link\">To the article<\/a>\r\n                            <\/div>\r\n                        <\/div>\r\n                    <\/div>\r\n                                    <div class=\"item\">\r\n                                                <div class=\"wrap\" style=\"background-image: url('https:\/\/garderos.com\/wp-content\/uploads\/2026\/02\/News-Beitrag-Traffic-Systems.png');\">\r\n                            <div class=\"txt-box\">\r\n                                <p>Industrial Routers for Traffic and EV Charging Infrastructure | I&#8230;<\/p>\r\n                                <a href=\"https:\/\/garderos.com\/en\/industrial-routers-for-traffic-and-ev-charging-infrastructure-intertraffic-2026\/\" class=\"link\">To the article<\/a>\r\n                            <\/div>\r\n                        <\/div>\r\n                    <\/div>\r\n                            <\/div>\r\n        <\/div>\r\n    <\/section>\r\n","protected":false},"excerpt":{"rendered":"","protected":false},"author":3,"featured_media":0,"parent":2050,"menu_order":0,"comment_status":"closed","ping_status":"closed","template":"","meta":{"_acf_changed":false,"inline_featured_image":false,"footnotes":""},"class_list":["post-2068","page","type-page","status-publish","hentry"],"acf":[],"yoast_head":"<!-- This site is optimized with the Yoast SEO plugin v27.5 - https:\/\/yoast.com\/product\/yoast-seo-wordpress\/ -->\n<title>Utility companies - Garderos<\/title>\n<meta name=\"robots\" content=\"index, follow, max-snippet:-1, max-image-preview:large, max-video-preview:-1\" \/>\n<link rel=\"canonical\" href=\"https:\/\/garderos.com\/en\/industries\/utility-companies\/\" \/>\n<meta property=\"og:locale\" content=\"en_US\" \/>\n<meta property=\"og:type\" content=\"article\" \/>\n<meta property=\"og:title\" content=\"Utility companies - Garderos\" \/>\n<meta property=\"og:url\" content=\"https:\/\/garderos.com\/en\/industries\/utility-companies\/\" \/>\n<meta property=\"og:site_name\" content=\"Garderos\" \/>\n<meta property=\"article:modified_time\" content=\"2026-04-16T14:46:57+00:00\" \/>\n<meta name=\"twitter:card\" content=\"summary_large_image\" \/>\n<script type=\"application\/ld+json\" class=\"yoast-schema-graph\">{\"@context\":\"https:\\\/\\\/schema.org\",\"@graph\":[{\"@type\":\"WebPage\",\"@id\":\"https:\\\/\\\/garderos.com\\\/en\\\/industries\\\/utility-companies\\\/\",\"url\":\"https:\\\/\\\/garderos.com\\\/en\\\/industries\\\/utility-companies\\\/\",\"name\":\"Utility companies - Garderos\",\"isPartOf\":{\"@id\":\"https:\\\/\\\/garderos.com\\\/#website\"},\"datePublished\":\"2025-02-13T08:51:19+00:00\",\"dateModified\":\"2026-04-16T14:46:57+00:00\",\"breadcrumb\":{\"@id\":\"https:\\\/\\\/garderos.com\\\/en\\\/industries\\\/utility-companies\\\/#breadcrumb\"},\"inLanguage\":\"en-US\",\"potentialAction\":[{\"@type\":\"ReadAction\",\"target\":[\"https:\\\/\\\/garderos.com\\\/en\\\/industries\\\/utility-companies\\\/\"]}]},{\"@type\":\"BreadcrumbList\",\"@id\":\"https:\\\/\\\/garderos.com\\\/en\\\/industries\\\/utility-companies\\\/#breadcrumb\",\"itemListElement\":[{\"@type\":\"ListItem\",\"position\":1,\"name\":\"Home\",\"item\":\"https:\\\/\\\/garderos.com\\\/en\\\/\"},{\"@type\":\"ListItem\",\"position\":2,\"name\":\"Industries\",\"item\":\"https:\\\/\\\/garderos.com\\\/en\\\/industries\\\/\"},{\"@type\":\"ListItem\",\"position\":3,\"name\":\"Utility companies\"}]},{\"@type\":\"WebSite\",\"@id\":\"https:\\\/\\\/garderos.com\\\/#website\",\"url\":\"https:\\\/\\\/garderos.com\\\/\",\"name\":\"Garderos\",\"description\":\"Designed for Extremes, Trusted for a Lifetime\",\"publisher\":{\"@id\":\"https:\\\/\\\/garderos.com\\\/#organization\"},\"potentialAction\":[{\"@type\":\"SearchAction\",\"target\":{\"@type\":\"EntryPoint\",\"urlTemplate\":\"https:\\\/\\\/garderos.com\\\/?s={search_term_string}\"},\"query-input\":{\"@type\":\"PropertyValueSpecification\",\"valueRequired\":true,\"valueName\":\"search_term_string\"}}],\"inLanguage\":\"en-US\"},{\"@type\":\"Organization\",\"@id\":\"https:\\\/\\\/garderos.com\\\/#organization\",\"name\":\"Garderos\",\"url\":\"https:\\\/\\\/garderos.com\\\/\",\"logo\":{\"@type\":\"ImageObject\",\"inLanguage\":\"en-US\",\"@id\":\"https:\\\/\\\/garderos.com\\\/#\\\/schema\\\/logo\\\/image\\\/\",\"url\":\"https:\\\/\\\/garderos.com\\\/wp-content\\\/uploads\\\/2025\\\/01\\\/garderos-logo-2.svg\",\"contentUrl\":\"https:\\\/\\\/garderos.com\\\/wp-content\\\/uploads\\\/2025\\\/01\\\/garderos-logo-2.svg\",\"width\":215,\"height\":24,\"caption\":\"Garderos\"},\"image\":{\"@id\":\"https:\\\/\\\/garderos.com\\\/#\\\/schema\\\/logo\\\/image\\\/\"}}]}<\/script>\n<!-- \/ Yoast SEO plugin. -->","yoast_head_json":{"title":"Utility companies - Garderos","robots":{"index":"index","follow":"follow","max-snippet":"max-snippet:-1","max-image-preview":"max-image-preview:large","max-video-preview":"max-video-preview:-1"},"canonical":"https:\/\/garderos.com\/en\/industries\/utility-companies\/","og_locale":"en_US","og_type":"article","og_title":"Utility companies - Garderos","og_url":"https:\/\/garderos.com\/en\/industries\/utility-companies\/","og_site_name":"Garderos","article_modified_time":"2026-04-16T14:46:57+00:00","twitter_card":"summary_large_image","schema":{"@context":"https:\/\/schema.org","@graph":[{"@type":"WebPage","@id":"https:\/\/garderos.com\/en\/industries\/utility-companies\/","url":"https:\/\/garderos.com\/en\/industries\/utility-companies\/","name":"Utility companies - Garderos","isPartOf":{"@id":"https:\/\/garderos.com\/#website"},"datePublished":"2025-02-13T08:51:19+00:00","dateModified":"2026-04-16T14:46:57+00:00","breadcrumb":{"@id":"https:\/\/garderos.com\/en\/industries\/utility-companies\/#breadcrumb"},"inLanguage":"en-US","potentialAction":[{"@type":"ReadAction","target":["https:\/\/garderos.com\/en\/industries\/utility-companies\/"]}]},{"@type":"BreadcrumbList","@id":"https:\/\/garderos.com\/en\/industries\/utility-companies\/#breadcrumb","itemListElement":[{"@type":"ListItem","position":1,"name":"Home","item":"https:\/\/garderos.com\/en\/"},{"@type":"ListItem","position":2,"name":"Industries","item":"https:\/\/garderos.com\/en\/industries\/"},{"@type":"ListItem","position":3,"name":"Utility companies"}]},{"@type":"WebSite","@id":"https:\/\/garderos.com\/#website","url":"https:\/\/garderos.com\/","name":"Garderos","description":"Designed for Extremes, Trusted for a Lifetime","publisher":{"@id":"https:\/\/garderos.com\/#organization"},"potentialAction":[{"@type":"SearchAction","target":{"@type":"EntryPoint","urlTemplate":"https:\/\/garderos.com\/?s={search_term_string}"},"query-input":{"@type":"PropertyValueSpecification","valueRequired":true,"valueName":"search_term_string"}}],"inLanguage":"en-US"},{"@type":"Organization","@id":"https:\/\/garderos.com\/#organization","name":"Garderos","url":"https:\/\/garderos.com\/","logo":{"@type":"ImageObject","inLanguage":"en-US","@id":"https:\/\/garderos.com\/#\/schema\/logo\/image\/","url":"https:\/\/garderos.com\/wp-content\/uploads\/2025\/01\/garderos-logo-2.svg","contentUrl":"https:\/\/garderos.com\/wp-content\/uploads\/2025\/01\/garderos-logo-2.svg","width":215,"height":24,"caption":"Garderos"},"image":{"@id":"https:\/\/garderos.com\/#\/schema\/logo\/image\/"}}]}},"_links":{"self":[{"href":"https:\/\/garderos.com\/en\/wp-json\/wp\/v2\/pages\/2068","targetHints":{"allow":["GET"]}}],"collection":[{"href":"https:\/\/garderos.com\/en\/wp-json\/wp\/v2\/pages"}],"about":[{"href":"https:\/\/garderos.com\/en\/wp-json\/wp\/v2\/types\/page"}],"author":[{"embeddable":true,"href":"https:\/\/garderos.com\/en\/wp-json\/wp\/v2\/users\/3"}],"replies":[{"embeddable":true,"href":"https:\/\/garderos.com\/en\/wp-json\/wp\/v2\/comments?post=2068"}],"version-history":[{"count":9,"href":"https:\/\/garderos.com\/en\/wp-json\/wp\/v2\/pages\/2068\/revisions"}],"predecessor-version":[{"id":3801,"href":"https:\/\/garderos.com\/en\/wp-json\/wp\/v2\/pages\/2068\/revisions\/3801"}],"up":[{"embeddable":true,"href":"https:\/\/garderos.com\/en\/wp-json\/wp\/v2\/pages\/2050"}],"wp:attachment":[{"href":"https:\/\/garderos.com\/en\/wp-json\/wp\/v2\/media?parent=2068"}],"curies":[{"name":"wp","href":"https:\/\/api.w.org\/{rel}","templated":true}]}}